{"id":677,"date":"2025-04-04T00:29:28","date_gmt":"2025-04-03T22:29:28","guid":{"rendered":"https:\/\/dev.asixonline.com\/sincro\/?page_id=677"},"modified":"2026-01-22T22:13:39","modified_gmt":"2026-01-22T21:13:39","slug":"revalidacion-periodica-del-desempeno-rpd","status":"publish","type":"page","link":"https:\/\/dev.asixonline.com\/sincro\/unidades-de-negocio\/revalidacion-periodica-del-desempeno-rpd\/","title":{"rendered":"Revalidaci\u00f3n de Peri\u00f3dica del Desempe\u00f1o"},"content":{"rendered":"","protected":false},"excerpt":{"rendered":"","protected":false},"author":1,"featured_media":0,"parent":148,"menu_order":0,"comment_status":"closed","ping_status":"closed","template":"page-servicios-detalle.php","meta":{"footnotes":""},"class_list":["post-677","page","type-page","status-publish","hentry"],"_links":{"self":[{"href":"https:\/\/dev.asixonline.com\/sincro\/wp-json\/wp\/v2\/pages\/677","targetHints":{"allow":["GET"]}}],"collection":[{"href":"https:\/\/dev.asixonline.com\/sincro\/wp-json\/wp\/v2\/pages"}],"about":[{"href":"https:\/\/dev.asixonline.com\/sincro\/wp-json\/wp\/v2\/types\/page"}],"author":[{"embeddable":true,"href":"https:\/\/dev.asixonline.com\/sincro\/wp-json\/wp\/v2\/users\/1"}],"replies":[{"embeddable":true,"href":"https:\/\/dev.asixonline.com\/sincro\/wp-json\/wp\/v2\/comments?post=677"}],"version-history":[{"count":14,"href":"https:\/\/dev.asixonline.com\/sincro\/wp-json\/wp\/v2\/pages\/677\/revisions"}],"predecessor-version":[{"id":1791,"href":"https:\/\/dev.asixonline.com\/sincro\/wp-json\/wp\/v2\/pages\/677\/revisions\/1791"}],"up":[{"embeddable":true,"href":"https:\/\/dev.asixonline.com\/sincro\/wp-json\/wp\/v2\/pages\/148"}],"wp:attachment":[{"href":"https:\/\/dev.asixonline.com\/sincro\/wp-json\/wp\/v2\/media?parent=677"}],"curies":[{"name":"wp","href":"https:\/\/api.w.org\/{rel}","templated":true}]}}